{"id":2060,"date":"2026-02-11T09:55:01","date_gmt":"2026-02-11T08:55:01","guid":{"rendered":"https:\/\/encuentrosporlaigualdad.com\/encuentro-1\/"},"modified":"2026-03-24T09:34:02","modified_gmt":"2026-03-24T08:34:02","slug":"trobada-1","status":"publish","type":"page","link":"https:\/\/encuentrosporlaigualdad.com\/ca\/trobada-1\/","title":{"rendered":"23 mar\u00e7 &#8211; TROBADA 1"},"content":{"rendered":"<section class=\"l-section wpb_row height_medium\"><div class=\"l-section-h i-cf\"><div class=\"g-cols vc_row via_grid cols_2 laptops-cols_inherit tablets-cols_inherit mobiles-cols_1 valign_top type_default stacking_default\"><div class=\"wpb_column vc_column_container\"><div class=\"vc_column-inner\"><p class=\"w-text us_custom_052d56ea begika\"><span class=\"w-text-h\"><span class=\"w-text-value\">CICLE<\/span><\/span><\/p><p class=\"w-text us_custom_df4d5ae2 has_text_color\"><span class=\"w-text-h\"><span class=\"w-text-value\">TROBADES PER LA IGUALTAT DE G\u00c8NERE<\/span><\/span><\/p><\/div><\/div><div class=\"wpb_column vc_column_container us_custom_04c40667\"><div class=\"vc_column-inner\"><div class=\"w-image us_custom_5e9e465a has_height align_none\"><div class=\"w-image-h\"><img decoding=\"async\" src=\"https:\/\/encuentrosporlaigualdad.com\/wp-content\/uploads\/2026\/02\/pelotas-grupo-4.svg\" class=\"attachment-full size-full\" alt=\"\" loading=\"lazy\" \/><\/div><\/div><\/div><\/div><\/div><\/div><\/section><section class=\"l-section wpb_row height_auto\" id=\"presentacion\"><div class=\"l-section-h i-cf\"><div class=\"g-cols vc_row via_grid cols_1 laptops-cols_inherit tablets-cols_inherit mobiles-cols_1 valign_top type_default stacking_default\"><div class=\"wpb_column vc_column_container\"><div class=\"vc_column-inner\"><p class=\"w-text us_custom_fd3cfffa begika\"><span class=\"w-text-h\"><span class=\"w-text-value\">Primera trobada &#8211; 23 de mar\u00e7<\/span><\/span><\/p><h1 class=\"w-text\"><span class=\"w-text-h\"><span class=\"w-text-value\">&#8220;La transversalitat de g\u00e8nere en l&#8217;administraci\u00f3 local: del marc normatiu a la pr\u00e0ctica&#8221;<\/span><\/span><\/h1><div class=\"wpb_text_column us_custom_4228b6ca\"><div class=\"wpb_wrapper\"><p>En aquesta trobada es pret\u00e9n incidir en la transversalitat de g\u00e8nere com a f\u00f3rmula id\u00f2nia per a incorporar l&#8217;\u00f2ptica de la igualtat en totes les pol\u00edtiques p\u00fabliques locals.<\/p>\n<\/div><\/div><div class=\"w-separator size_small\"><\/div><div class=\"wpb_text_column\"><div class=\"wpb_wrapper\"><p>A m\u00e9s del compliment de la normativa vigent sobre la mat\u00e8ria, la transversalitat de g\u00e8nere constitueix un principi de bona governan\u00e7a i un instrument t\u00e8cnic de millora cont\u00ednua de la gesti\u00f3 p\u00fablica local, entenent la seua incorporaci\u00f3 com un enfocament estructural que travessa la totalitat de l&#8217;acci\u00f3 municipal.<\/p>\n<\/div><\/div><div class=\"w-separator hide_on_default hide_on_laptops hide_on_tablets hide_on_mobiles size_medium\"><\/div><div class=\"w-iconbox us_custom_fb94e7f7 hide_on_default hide_on_laptops hide_on_tablets hide_on_mobiles iconpos_left style_default color_primary align_left no_text icontype_img\"><a href=\"#seccion-inscribete\" class=\"w-iconbox-link\" aria-label=\"INSCRIU-TE\"><div class=\"w-iconbox-icon\" style=\"font-size:2rem;\"><?xml version=\"1.0\" encoding=\"UTF-8\"?><svg id=\"b\" xmlns=\"http:\/\/www.w3.org\/2000\/svg\" viewBox=\"0 0 59 53\"><defs><style>.e{fill:#1a1414;}<\/style><\/defs><path class=\"e\" d=\"M7.61,39.07c-3.01,0-5.6,2.11-6.19,5.06-.6,2.95.98,5.91,3.76,7.06,2.78,1.15,5.98.18,7.65-2.31,1.67-2.5,1.35-5.84-.78-7.96-1.16-1.2-2.77-1.87-4.44-1.85h0Z\"\/><path class=\"e\" d=\"M7.61,20.22c-3.01,0-5.6,2.11-6.19,5.06-.6,2.95.98,5.91,3.76,7.06,2.78,1.16,5.98.19,7.65-2.31,1.67-2.5,1.35-5.84-.78-7.96-1.16-1.2-2.77-1.87-4.44-1.85h0Z\"\/><path class=\"e\" d=\"M7.61,1.37c-2.54,0-4.84,1.53-5.81,3.88-.97,2.35-.43,5.05,1.37,6.85,2.45,2.45,6.42,2.45,8.87,0,2.45-2.45,2.45-6.43,0-8.88-1.16-1.2-2.77-1.87-4.44-1.85h0Z\"\/><path class=\"e\" d=\"M26.46,13.94c2.54,0,4.84-1.53,5.81-3.88.97-2.35.43-5.05-1.37-6.85-2.45-2.45-6.42-2.45-8.87,0-2.45,2.45-2.45,6.43,0,8.88,1.16,1.2,2.77,1.87,4.44,1.85h0Z\"\/><path class=\"e\" d=\"M45.31,13.94c2.54,0,4.83-1.53,5.8-3.88.97-2.35.43-5.05-1.37-6.85-2.45-2.45-6.43-2.45-8.88,0-2.45,2.45-2.45,6.43,0,8.88,1.16,1.2,2.77,1.87,4.44,1.85h0Z\"\/><path class=\"e\" d=\"M32.74,26.5c0-3.01-2.11-5.6-5.05-6.19-2.95-.6-5.91.98-7.06,3.76-1.16,2.78-.19,5.98,2.31,7.65,2.5,1.67,5.83,1.35,7.96-.78,1.2-1.16,1.87-2.77,1.85-4.44h0Z\"\/><path class=\"e\" d=\"M57.37,29.08l-1.84-1.81-2.9-2.92c-.23-.23-1.09-1.09-1.88-1.89h0c-.4-.4-.94-.63-1.51-.63-.57,0-1.11.23-1.5.64-.75.76-1.55,1.58-1.78,1.82l-16.74,16.66h0c-.4.39-.62.93-.62,1.5v6.66c0,.56.22,1.1.62,1.49.39.4.93.62,1.49.62h6.66c.56,0,1.1-.22,1.49-.62l18.51-18.51c.4-.4.62-.94.62-1.5,0-.56-.23-1.1-.63-1.5h0ZM36.29,46.49h-2.96v-2.99l9.57-9.49,2.9,2.9-9.51,9.57Z\"\/><\/svg><\/div><\/a><div class=\"w-iconbox-meta\"><p class=\"w-iconbox-title\"><a href=\"#seccion-inscribete\" class=\"w-iconbox-link\" aria-label=\"INSCRIU-TE\">INSCRIU-TE<\/a><\/p><\/div><\/div><div class=\"w-separator size_medium with_line width_default thick_1 style_solid color_border align_center\"><div class=\"w-separator-h\"><\/div><\/div><\/div><\/div><\/div><\/div><\/section><section class=\"l-section wpb_row height_auto\"><div class=\"l-section-h i-cf\"><div class=\"g-cols vc_row via_grid cols_1 laptops-cols_inherit tablets-cols_inherit mobiles-cols_1 valign_top type_default stacking_default\"><div class=\"wpb_column vc_column_container\"><div class=\"vc_column-inner\"><h2 class=\"w-text\"><span class=\"w-text-h\"><span class=\"w-text-value\">Programa<\/span><\/span><\/h2><div class=\"w-separator size_small\"><\/div><\/div><\/div><\/div><\/div><\/section><section class=\"l-section wpb_row height_auto\"><div class=\"l-section-h i-cf\"><div class=\"g-cols vc_row via_grid cols_1-5 laptops-cols_inherit tablets-cols_inherit mobiles-cols_1 valign_top type_default stacking_default\"><div class=\"wpb_column vc_column_container\"><div class=\"vc_column-inner\"><div class=\"w-hwrapper valign_middle stack_on_mobiles align_left\" style=\"--hwrapper-gap:2rem\"><div class=\"w-image us_custom_62399e63 hide_on_mobiles has_height align_none\"><div class=\"w-image-h\"><img decoding=\"async\" src=\"https:\/\/encuentrosporlaigualdad.com\/wp-content\/uploads\/2026\/02\/pelota-programa-1.svg\" class=\"attachment-full size-full\" alt=\"\" loading=\"lazy\" \/><\/div><\/div><p class=\"w-text us_custom_bbbc6778 has_text_color\"><span class=\"w-text-h\"><span class=\"w-text-value\">9.15 h.<\/span><\/span><\/p><\/div><\/div><\/div><div class=\"wpb_column vc_column_container\"><div class=\"vc_column-inner\"><div class=\"wpb_text_column us_custom_b12498ad\"><div class=\"wpb_wrapper\"><p>Acreditacions<\/p>\n<\/div><\/div><div class=\"w-separator hide_on_default hide_on_laptops hide_on_tablets size_small\"><\/div><div class=\"w-separator hide_on_default hide_on_laptops hide_on_tablets size_medium with_line width_default thick_1 style_dotted color_border align_center\"><div class=\"w-separator-h\"><\/div><\/div><\/div><\/div><\/div><\/div><\/section><section class=\"l-section wpb_row height_auto\"><div class=\"l-section-h i-cf\"><div class=\"g-cols vc_row via_grid cols_1 laptops-cols_inherit tablets-cols_inherit mobiles-cols_1 valign_top type_default stacking_default\"><div class=\"wpb_column vc_column_container\"><div class=\"vc_column-inner\"><div class=\"w-separator size_small\"><\/div><\/div><\/div><\/div><\/div><\/section><section class=\"l-section wpb_row height_auto\"><div class=\"l-section-h i-cf\"><div class=\"g-cols vc_row via_grid cols_1-5 laptops-cols_inherit tablets-cols_inherit mobiles-cols_1 valign_top type_default stacking_default\"><div class=\"wpb_column vc_column_container\"><div class=\"vc_column-inner\"><div class=\"w-hwrapper valign_middle align_left\" style=\"--hwrapper-gap:2rem\"><div class=\"w-image us_custom_62399e63 hide_on_mobiles has_height align_none\"><div class=\"w-image-h\"><img decoding=\"async\" src=\"https:\/\/encuentrosporlaigualdad.com\/wp-content\/uploads\/2026\/02\/pelota-programa-2.svg\" class=\"attachment-full size-full\" alt=\"\" loading=\"lazy\" \/><\/div><\/div><p class=\"w-text us_custom_bbbc6778 has_text_color\"><span class=\"w-text-h\"><span class=\"w-text-value\">9.50 h.<\/span><\/span><\/p><\/div><\/div><\/div><div class=\"wpb_column vc_column_container\"><div class=\"vc_column-inner\"><div class=\"wpb_text_column us_custom_b12498ad\"><div class=\"wpb_wrapper\"><p>Benvinguda<\/p>\n<\/div><\/div><div class=\"w-separator hide_on_default hide_on_laptops hide_on_tablets size_small\"><\/div><div class=\"w-separator hide_on_default hide_on_laptops hide_on_tablets size_medium with_line width_default thick_1 style_dotted color_border align_center\"><div class=\"w-separator-h\"><\/div><\/div><\/div><\/div><\/div><\/div><\/section><section class=\"l-section wpb_row height_auto\"><div class=\"l-section-h i-cf\"><div class=\"g-cols vc_row via_grid cols_1 laptops-cols_inherit tablets-cols_inherit mobiles-cols_1 valign_top type_default stacking_default\"><div class=\"wpb_column vc_column_container\"><div class=\"vc_column-inner\"><div class=\"w-separator size_small\"><\/div><\/div><\/div><\/div><\/div><\/section><section class=\"l-section wpb_row height_auto\"><div class=\"l-section-h i-cf\"><div class=\"g-cols vc_row via_grid cols_1-5 laptops-cols_inherit tablets-cols_inherit mobiles-cols_1 valign_top type_default stacking_default\"><div class=\"wpb_column vc_column_container\"><div class=\"vc_column-inner\"><div class=\"w-hwrapper valign_middle align_left\" style=\"--hwrapper-gap:2rem\"><div class=\"w-image us_custom_62399e63 hide_on_mobiles has_height align_none\"><div class=\"w-image-h\"><img decoding=\"async\" src=\"https:\/\/encuentrosporlaigualdad.com\/wp-content\/uploads\/2026\/02\/pelota-programa-1.svg\" class=\"attachment-full size-full\" alt=\"\" loading=\"lazy\" \/><\/div><\/div><p class=\"w-text us_custom_bbbc6778 has_text_color\"><span class=\"w-text-h\"><span class=\"w-text-value\">10.00 h.<\/span><\/span><\/p><\/div><\/div><\/div><div class=\"wpb_column vc_column_container\"><div class=\"vc_column-inner\"><div class=\"wpb_text_column us_custom_0f1587e7\"><div class=\"wpb_wrapper\"><p>Primer espai<\/p>\n<\/div><\/div><div class=\"wpb_text_column us_custom_526d2f0f\"><div class=\"wpb_wrapper\"><p><strong>&#8220;La transversalitat de g\u00e8nere com a principi de bona governan\u00e7a&#8221;<\/strong><\/p>\n<\/div><\/div><div class=\"wpb_text_column us_custom_b2452879\"><div class=\"wpb_wrapper\"><p>A c\u00e0rrec de <strong>Maria Caterina La Barbera<\/strong>, Doctora en Drets Humans per la Universitat de Palerm. Cient\u00edfica Titular en l&#8217;Institut de Filosofia del Consell Superior d&#8217;Investigacions Cient\u00edfiques.<\/p>\n<\/div><\/div><div class=\"w-separator hide_on_default hide_on_laptops hide_on_tablets size_small\"><\/div><div class=\"w-separator hide_on_default hide_on_laptops hide_on_tablets size_medium with_line width_default thick_1 style_dotted color_border align_center\"><div class=\"w-separator-h\"><\/div><\/div><\/div><\/div><\/div><\/div><\/section><section class=\"l-section wpb_row height_auto\"><div class=\"l-section-h i-cf\"><div class=\"g-cols vc_row via_grid cols_1 laptops-cols_inherit tablets-cols_inherit mobiles-cols_1 valign_top type_default stacking_default\"><div class=\"wpb_column vc_column_container\"><div class=\"vc_column-inner\"><div class=\"w-separator size_small\"><\/div><\/div><\/div><\/div><\/div><\/section><section class=\"l-section wpb_row height_auto\"><div class=\"l-section-h i-cf\"><div class=\"g-cols vc_row via_grid cols_1-5 laptops-cols_inherit tablets-cols_inherit mobiles-cols_1 valign_top type_default stacking_default\"><div class=\"wpb_column vc_column_container\"><div class=\"vc_column-inner\"><div class=\"w-hwrapper valign_middle align_left\" style=\"--hwrapper-gap:2rem\"><div class=\"w-image us_custom_62399e63 hide_on_mobiles has_height align_none\"><div class=\"w-image-h\"><img decoding=\"async\" src=\"https:\/\/encuentrosporlaigualdad.com\/wp-content\/uploads\/2026\/02\/pelota-programa-2.svg\" class=\"attachment-full size-full\" alt=\"\" loading=\"lazy\" \/><\/div><\/div><p class=\"w-text us_custom_bbbc6778 has_text_color\"><span class=\"w-text-h\"><span class=\"w-text-value\">11.30 h.<\/span><\/span><\/p><\/div><\/div><\/div><div class=\"wpb_column vc_column_container\"><div class=\"vc_column-inner\"><div class=\"wpb_text_column us_custom_b12498ad\"><div class=\"wpb_wrapper\"><p>Pausa caf\u00e9<\/p>\n<\/div><\/div><div class=\"w-separator hide_on_default hide_on_laptops hide_on_tablets size_small\"><\/div><div class=\"w-separator hide_on_default hide_on_laptops hide_on_tablets size_medium with_line width_default thick_1 style_dotted color_border align_center\"><div class=\"w-separator-h\"><\/div><\/div><\/div><\/div><\/div><\/div><\/section><section class=\"l-section wpb_row height_auto\"><div class=\"l-section-h i-cf\"><div class=\"g-cols vc_row via_grid cols_1 laptops-cols_inherit tablets-cols_inherit mobiles-cols_1 valign_top type_default stacking_default\"><div class=\"wpb_column vc_column_container\"><div class=\"vc_column-inner\"><div class=\"w-separator size_small\"><\/div><\/div><\/div><\/div><\/div><\/section><section class=\"l-section wpb_row height_auto\"><div class=\"l-section-h i-cf\"><div class=\"g-cols vc_row via_grid cols_1-5 laptops-cols_inherit tablets-cols_inherit mobiles-cols_1 valign_top type_default stacking_default\"><div class=\"wpb_column vc_column_container\"><div class=\"vc_column-inner\"><div class=\"w-hwrapper valign_middle align_left\" style=\"--hwrapper-gap:2rem\"><div class=\"w-image us_custom_62399e63 hide_on_mobiles has_height align_none\"><div class=\"w-image-h\"><img decoding=\"async\" src=\"https:\/\/encuentrosporlaigualdad.com\/wp-content\/uploads\/2026\/02\/pelota-programa-1.svg\" class=\"attachment-full size-full\" alt=\"\" loading=\"lazy\" \/><\/div><\/div><p class=\"w-text us_custom_bbbc6778 has_text_color\"><span class=\"w-text-h\"><span class=\"w-text-value\">12.00 h.<\/span><\/span><\/p><\/div><\/div><\/div><div class=\"wpb_column vc_column_container\"><div class=\"vc_column-inner\"><div class=\"wpb_text_column us_custom_0f1587e7\"><div class=\"wpb_wrapper\"><p>Segon espai<\/p>\n<\/div><\/div><div class=\"wpb_text_column us_custom_526d2f0f\"><div class=\"wpb_wrapper\"><p><strong>&#8220;An\u00e0lisi de l&#8217;impacte de g\u00e8nere en la normativa municipal: bones pr\u00e0ctiques locals&#8221;<\/strong><\/p>\n<\/div><\/div><div class=\"wpb_text_column us_custom_b2452879\"><div class=\"wpb_wrapper\"><p>A c\u00e0rrec d&#8217;<strong>Ana Mar\u00eda Juli\u00e1n<\/strong>, Agent d&#8217;Igualtat i Consultora experta en pol\u00edtiques d&#8217;Igualtat de G\u00e8nere<\/p>\n<\/div><\/div><div class=\"w-separator hide_on_default hide_on_laptops hide_on_tablets size_small\"><\/div><div class=\"w-separator hide_on_default hide_on_laptops hide_on_tablets size_medium with_line width_default thick_1 style_dotted color_border align_center\"><div class=\"w-separator-h\"><\/div><\/div><\/div><\/div><\/div><\/div><\/section><section class=\"l-section wpb_row height_auto\"><div class=\"l-section-h i-cf\"><div class=\"g-cols vc_row via_grid cols_1 laptops-cols_inherit tablets-cols_inherit mobiles-cols_1 valign_top type_default stacking_default\"><div class=\"wpb_column vc_column_container\"><div class=\"vc_column-inner\"><div class=\"w-separator size_small\"><\/div><\/div><\/div><\/div><\/div><\/section><section class=\"l-section wpb_row height_auto\"><div class=\"l-section-h i-cf\"><div class=\"g-cols vc_row via_grid cols_1-5 laptops-cols_inherit tablets-cols_inherit mobiles-cols_1 valign_top type_default stacking_default\"><div class=\"wpb_column vc_column_container\"><div class=\"vc_column-inner\"><div class=\"w-hwrapper valign_middle align_left\" style=\"--hwrapper-gap:2rem\"><div class=\"w-image us_custom_62399e63 hide_on_mobiles has_height align_none\"><div class=\"w-image-h\"><img decoding=\"async\" src=\"https:\/\/encuentrosporlaigualdad.com\/wp-content\/uploads\/2026\/02\/pelota-programa-2.svg\" class=\"attachment-full size-full\" alt=\"\" loading=\"lazy\" \/><\/div><\/div><p class=\"w-text us_custom_bbbc6778 has_text_color\"><span class=\"w-text-h\"><span class=\"w-text-value\">13.30 h.<\/span><\/span><\/p><\/div><\/div><\/div><div class=\"wpb_column vc_column_container\"><div class=\"vc_column-inner\"><div class=\"wpb_text_column us_custom_b12498ad\"><div class=\"wpb_wrapper\"><p>Conclusions<\/p>\n<\/div><\/div><div class=\"w-separator hide_on_default hide_on_laptops hide_on_tablets size_small\"><\/div><div class=\"w-separator hide_on_default hide_on_laptops hide_on_tablets size_medium with_line width_default thick_1 style_dotted color_border align_center\"><div class=\"w-separator-h\"><\/div><\/div><\/div><\/div><\/div><\/div><\/section><section class=\"l-section wpb_row height_auto\"><div class=\"l-section-h i-cf\"><div class=\"g-cols vc_row via_grid cols_1 laptops-cols_inherit tablets-cols_inherit mobiles-cols_1 valign_top type_default stacking_default\"><div class=\"wpb_column vc_column_container\"><div class=\"vc_column-inner\"><div class=\"w-separator size_small\"><\/div><\/div><\/div><\/div><\/div><\/section><section class=\"l-section wpb_row height_auto\"><div class=\"l-section-h i-cf\"><div class=\"g-cols vc_row via_grid cols_1-5 laptops-cols_inherit tablets-cols_inherit mobiles-cols_1 valign_top type_default stacking_default\"><div class=\"wpb_column vc_column_container\"><div class=\"vc_column-inner\"><div class=\"w-hwrapper valign_middle align_left\" style=\"--hwrapper-gap:2rem\"><div class=\"w-image us_custom_62399e63 hide_on_mobiles has_height align_none\"><div class=\"w-image-h\"><img decoding=\"async\" src=\"https:\/\/encuentrosporlaigualdad.com\/wp-content\/uploads\/2026\/02\/pelota-programa-1.svg\" class=\"attachment-full size-full\" alt=\"\" loading=\"lazy\" \/><\/div><\/div><p class=\"w-text us_custom_bbbc6778 has_text_color\"><span class=\"w-text-h\"><span class=\"w-text-value\">14.00 h.<\/span><\/span><\/p><\/div><\/div><\/div><div class=\"wpb_column vc_column_container\"><div class=\"vc_column-inner\"><div class=\"wpb_text_column us_custom_b12498ad\"><div class=\"wpb_wrapper\"><p>Comiat<\/p>\n<\/div><\/div><div class=\"w-separator hide_on_default hide_on_laptops hide_on_tablets size_small\"><\/div><\/div><\/div><\/div><\/div><\/section><section class=\"l-section wpb_row height_medium\"><div class=\"l-section-h i-cf\"><div class=\"g-cols vc_row via_grid cols_1 laptops-cols_inherit tablets-cols_inherit mobiles-cols_1 valign_top type_default stacking_default\"><div class=\"wpb_column vc_column_container\"><div class=\"vc_column-inner\"><\/div><\/div><\/div><\/div><\/section>\n","protected":false},"excerpt":{"rendered":"CICLETROBADES PER LA IGUALTAT DE G\u00c8NEREPrimera trobada &#8211; 23 de mar\u00e7&#8220;La transversalitat de g\u00e8nere en l&#8217;administraci\u00f3 local: del marc normatiu a la pr\u00e0ctica&#8221;En aquesta trobada es pret\u00e9n incidir en la transversalitat de g\u00e8nere com a f\u00f3rmula id\u00f2nia per a incorporar l&#8217;\u00f2ptica de la igualtat en totes les pol\u00edtiques p\u00fabliques locals. A m\u00e9s del compliment de...","protected":false},"author":1,"featured_media":0,"parent":0,"menu_order":0,"comment_status":"closed","ping_status":"closed","template":"","meta":{"footnotes":""},"class_list":["post-2060","page","type-page","status-publish","hentry"],"_links":{"self":[{"href":"https:\/\/encuentrosporlaigualdad.com\/ca\/wp-json\/wp\/v2\/pages\/2060","targetHints":{"allow":["GET"]}}],"collection":[{"href":"https:\/\/encuentrosporlaigualdad.com\/ca\/wp-json\/wp\/v2\/pages"}],"about":[{"href":"https:\/\/encuentrosporlaigualdad.com\/ca\/wp-json\/wp\/v2\/types\/page"}],"author":[{"embeddable":true,"href":"https:\/\/encuentrosporlaigualdad.com\/ca\/wp-json\/wp\/v2\/users\/1"}],"replies":[{"embeddable":true,"href":"https:\/\/encuentrosporlaigualdad.com\/ca\/wp-json\/wp\/v2\/comments?post=2060"}],"version-history":[{"count":17,"href":"https:\/\/encuentrosporlaigualdad.com\/ca\/wp-json\/wp\/v2\/pages\/2060\/revisions"}],"predecessor-version":[{"id":2349,"href":"https:\/\/encuentrosporlaigualdad.com\/ca\/wp-json\/wp\/v2\/pages\/2060\/revisions\/2349"}],"wp:attachment":[{"href":"https:\/\/encuentrosporlaigualdad.com\/ca\/wp-json\/wp\/v2\/media?parent=2060"}],"curies":[{"name":"wp","href":"https:\/\/api.w.org\/{rel}","templated":true}]}}