{"id":361,"date":"2024-10-02T11:48:32","date_gmt":"2024-10-02T10:48:32","guid":{"rendered":"https:\/\/cicloadicciones.com\/gracias\/"},"modified":"2026-02-13T10:16:48","modified_gmt":"2026-02-13T09:16:48","slug":"gracias","status":"publish","type":"page","link":"https:\/\/encuentrosporlaigualdad.com\/ca\/gracias\/","title":{"rendered":"Gracias"},"content":{"rendered":"<section class=\"l-section wpb_row height_medium\"><div class=\"l-section-h i-cf\"><div class=\"g-cols vc_row via_grid cols_2 laptops-cols_inherit tablets-cols_inherit mobiles-cols_1 valign_top type_default stacking_default\"><div class=\"wpb_column vc_column_container\"><div class=\"vc_column-inner\"><p class=\"w-text us_custom_052d56ea begika\"><span class=\"w-text-h\"><span class=\"w-text-value\">CICLO<\/span><\/span><\/p><p class=\"w-text us_custom_df4d5ae2 has_text_color\"><span class=\"w-text-h\"><span class=\"w-text-value\">ENCUENTROS POR LA IGUALDAD DE G\u00c9NERO<\/span><\/span><\/p><\/div><\/div><div class=\"wpb_column vc_column_container us_custom_04c40667\"><div class=\"vc_column-inner\"><div class=\"w-image us_custom_5e9e465a has_height align_none\"><div class=\"w-image-h\"><img decoding=\"async\" src=\"https:\/\/encuentrosporlaigualdad.com\/wp-content\/uploads\/2026\/02\/pelotas-grupo-4.svg\" class=\"attachment-full size-full\" alt=\"\" loading=\"lazy\" \/><\/div><\/div><\/div><\/div><\/div><\/div><\/section><section class=\"l-section wpb_row height_auto\"><div class=\"l-section-h i-cf\"><div class=\"g-cols vc_row via_grid cols_1 laptops-cols_inherit tablets-cols_inherit mobiles-cols_1 valign_top type_default stacking_default\"><div class=\"wpb_column vc_column_container\"><div class=\"vc_column-inner\"><h1 class=\"w-text us_custom_c7535da0\" id=\"programa\"><span class=\"w-text-h\"><span class=\"w-text-value\">GRACIAS POR INSCRIBIRSE<\/span><\/span><\/h1><div class=\"w-separator size_small\"><\/div><div class=\"wpb_text_column\"><div class=\"wpb_wrapper\"><p>Su inscripci\u00f3n ha sido registrada correctamente. Compruebe que ha recibido la confirmaci\u00f3n de inscripci\u00f3n en el correo electr\u00f3nico que ha indicado en el formulario.<\/p>\n<\/div><\/div><div class=\"w-separator size_large\"><\/div><\/div><\/div><\/div><\/div><\/section>\n","protected":false},"excerpt":{"rendered":"CICLOENCUENTROS POR LA IGUALDAD DE G\u00c9NEROGRACIAS POR INSCRIBIRSESu inscripci\u00f3n ha sido registrada correctamente. Compruebe que ha recibido la confirmaci\u00f3n de inscripci\u00f3n en el correo electr\u00f3nico que ha indicado en el formulario.","protected":false},"author":1,"featured_media":0,"parent":0,"menu_order":0,"comment_status":"closed","ping_status":"closed","template":"","meta":{"footnotes":""},"class_list":["post-361","page","type-page","status-publish","hentry"],"_links":{"self":[{"href":"https:\/\/encuentrosporlaigualdad.com\/ca\/wp-json\/wp\/v2\/pages\/361","targetHints":{"allow":["GET"]}}],"collection":[{"href":"https:\/\/encuentrosporlaigualdad.com\/ca\/wp-json\/wp\/v2\/pages"}],"about":[{"href":"https:\/\/encuentrosporlaigualdad.com\/ca\/wp-json\/wp\/v2\/types\/page"}],"author":[{"embeddable":true,"href":"https:\/\/encuentrosporlaigualdad.com\/ca\/wp-json\/wp\/v2\/users\/1"}],"replies":[{"embeddable":true,"href":"https:\/\/encuentrosporlaigualdad.com\/ca\/wp-json\/wp\/v2\/comments?post=361"}],"version-history":[{"count":2,"href":"https:\/\/encuentrosporlaigualdad.com\/ca\/wp-json\/wp\/v2\/pages\/361\/revisions"}],"predecessor-version":[{"id":2033,"href":"https:\/\/encuentrosporlaigualdad.com\/ca\/wp-json\/wp\/v2\/pages\/361\/revisions\/2033"}],"wp:attachment":[{"href":"https:\/\/encuentrosporlaigualdad.com\/ca\/wp-json\/wp\/v2\/media?parent=361"}],"curies":[{"name":"wp","href":"https:\/\/api.w.org\/{rel}","templated":true}]}}